{"id":1442,"date":"2025-12-20T19:40:27","date_gmt":"2025-12-20T14:10:27","guid":{"rendered":"https:\/\/cxobe.linpassmanprpower2.com\/?page_id=1442"},"modified":"2025-12-21T21:33:46","modified_gmt":"2025-12-21T16:03:46","slug":"framework","status":"publish","type":"page","link":"https:\/\/cxobe.linpassmanprpower2.com\/es\/framework\/","title":{"rendered":"Estructura"},"content":{"rendered":"<div data-elementor-type=\"wp-page\" data-elementor-id=\"1442\" class=\"elementor elementor-1442\" data-elementor-post-type=\"page\">\n\t\t\t\t<div class=\"elementor-element elementor-element-a014453 e-con-full e-flex e-con e-parent\" data-id=\"a014453\" data-element_type=\"container\">\n\t\t<div class=\"elementor-element elementor-element-b87bb14 e-con-full e-flex e-con e-child\" data-id=\"b87bb14\" data-element_type=\"container\" data-settings=\"{&quot;background_background&quot;:&quot;classic&quot;}\">\n\t\t\t\t<div class=\"elementor-element elementor-element-0319983 elementor-widget elementor-widget-spacer\" data-id=\"0319983\" data-element_type=\"widget\" data-widget_type=\"spacer.default\">\n\t\t\t\t<div class=\"elementor-widget-container\">\n\t\t\t\t\t<div class=\"elementor-spacer\">\n\t\t\t<div class=\"elementor-spacer-inner\"><\/div>\n\t\t<\/div>\n\t\t\t\t<\/div>\n\t\t\t\t<\/div>\n\t\t\t\t<\/div>\n\t\t\t\t<div class=\"unlimited-elements-background-overlay\" data-forid=\"b87bb14\" data-location=\"back\" style=\"display:none\">\n\t\t\t<template>\n\t\t\t\n<!-- start Masks &amp; Patterns Background -->\n<style>\/* widget: Masks &amp; Patterns Background *\/\n\n\n\n\n\n  #uc_masks_patterns_bg_addon10936 .ue_background_mask {\n          --mask: url(\"data:image\/svg+xml,%3csvg fill='%23FFFFFF' viewBox='0 0 1920 1440' preserveAspectRatio='xMinYMin slice' xmlns='http:\/\/www.w3.org\/2000\/svg' %3e%3cpath d='M559.2 0l980 887 381-371V0zm1021 924.3l339.7 307.4V602zM495.7 1440H1920v-112l-674.3-610.3z'\/%3e%3c\/svg%3e\");\n    \n    \");\n      }\n\n  #uc_masks_patterns_bg_addon10936 .ue_background_mask {\n    position: absolute;\n    top: 0px;\n    left: 0px;\n    width: 100%;\n    height: 100%;\n    background-image: var(--mask);\n      }\n\n\n@media only screen and (max-width: 767px) {\n    }\n\n<\/style>\n\n<div id=\"uc_masks_patterns_bg_addon10936\">\n        <div class=\"ue_background_mask\"><\/div>\n  <\/div>\n<script type=\"text\/javascript\"  id=\"ue_script_masks_patterns\">\n\n\/* Masks & Patterns Background scripts: *\/ \n\njQuery(document).ready(function(){\nfunction uc_masks_patterns_bg_addon10936_start(){\n\t\t\t\n\t\t\n  var objWidget = jQuery(\"#uc_masks_patterns_bg_addon10936\");\n  var objParent = objWidget.parent();\n  var dataLocation = objParent.data(\"location\");\n \n  \/\/fix for bg location\n  function initFixForBgLocation(){\n    var objWidget = jQuery(\"#uc_masks_patterns_bg_addon10936\");\n    var objParent = objWidget.parent();\n    \n    if(!objParent || objParent.length == 0)\n      return(false);\n    \n        var dataLocation = objParent.data(\"location\");\n   \n    if(!dataLocation || dataLocation != \"back\")\n      return(false);\n     \n    \n    var objMainHolder = objParent.parent();\n     \n    if(!objMainHolder || objMainHolder.length == 0)\n      return(false);\n    \n    \/\/adjust z-index for UE bg overlay    \n    objParent.css(\"z-index\", 1);\n    \n    \/\/adjust z-index for Elementor MAin Container where both overlay are located\n    var initialZIndex = objMainHolder.css(\"--z-index\");\n    \n    if(!initialZIndex || initialZIndex == \"\" || initialZIndex == \"revert\" || initialZIndex < 1 || initialZIndex == \"auto\")\n      objMainHolder.css(\"--z-index\", 1);\n  }\n\n  \/\/init fix\n  initFixForBgLocation();\n    \t\n}if(jQuery(\"#uc_masks_patterns_bg_addon10936\").length) uc_masks_patterns_bg_addon10936_start();\n\tjQuery( document ).on( 'elementor\/popup\/show', (event, id, objPopup) => {\n\tif(objPopup.$element.has(jQuery(\"#uc_masks_patterns_bg_addon10936\")).length) uc_masks_patterns_bg_addon10936_start();});\n});\n\n\t\t\t\n<\/script>\n<!-- end Masks & Patterns Background -->\t\t\t<\/template>\n\t\t<\/div>\n\t\t\n\t\t<div class=\"elementor-element elementor-element-256a173 e-con-full e-flex e-con e-child\" data-id=\"256a173\" data-element_type=\"container\" data-settings=\"{&quot;background_background&quot;:&quot;classic&quot;}\">\n\t\t\t\t<div class=\"elementor-element elementor-element-d05513e animated-slow elementor-invisible elementor-widget elementor-widget-heading\" data-id=\"d05513e\" data-element_type=\"widget\" data-settings=\"{&quot;_animation&quot;:&quot;fadeInDown&quot;}\" data-widget_type=\"heading.default\">\n\t\t\t\t<div class=\"elementor-widget-container\">\n\t\t\t<h2 class=\"elementor-heading-title elementor-size-default\">The Engineering of Model, Structure, and Discipline \u2013 Filosof\u00eda Central de Supervivencia<\/h2>\t\t<\/div>\n\t\t\t\t<\/div>\n\t\t\t\t<\/div>\n\t\t\t\t<\/div>\n\t\t<div class=\"elementor-element elementor-element-1c969aa e-flex e-con-boxed e-con e-parent\" data-id=\"1c969aa\" data-element_type=\"container\">\n\t\t\t\t\t<div class=\"e-con-inner\">\n\t\t\t\t<div class=\"elementor-element elementor-element-8879c61 elementor-widget elementor-widget-text-editor\" data-id=\"8879c61\" data-element_type=\"widget\" data-widget_type=\"text-editor.default\">\n\t\t\t\t<div class=\"elementor-widget-container\">\n\t\t\t\t\t\t\t<p>El Marco Estrat\u00e9gico Camino es un dise\u00f1o altamente modular, orientado a un sistema de grado institucional, dise\u00f1ado para eliminar todos los sesgos emocionales humanos en el trading. Nuestro objetivo es lograr un trading profesional altamente disciplinado y reproducible a trav\u00e9s de una estructura r\u00edgida y disciplina, y maximizar el Rendimiento Ajustado al Riesgo (con un fuerte enfoque en el Ratio de Sharpe a largo plazo). La filosof\u00eda central de todo el sistema es: aunque es importante saber cu\u00e1ndo ser agresivo, es a\u00fan m\u00e1s crucial saber exactamente cu\u00e1ndo el riesgo debe ser estrictamente controlado.<\/p>\t\t\t\t\t\t<\/div>\n\t\t\t\t<\/div>\n\t\t\t\t\t<\/div>\n\t\t\t\t<\/div>\n\t\t<div class=\"elementor-element elementor-element-b19935b e-flex e-con-boxed e-con e-parent\" data-id=\"b19935b\" data-element_type=\"container\">\n\t\t\t\t\t<div class=\"e-con-inner\">\n\t\t\t\t<div class=\"elementor-element elementor-element-e8b5bbb elementor-widget__width-initial elementor-widget-mobile__width-inherit elementor-widget elementor-widget-heading\" data-id=\"e8b5bbb\" data-element_type=\"widget\" data-widget_type=\"heading.default\">\n\t\t\t\t<div class=\"elementor-widget-container\">\n\t\t\t<h2 class=\"elementor-heading-title elementor-size-default\">Estructura de Tres Capas y Correspondencia con los M\u00f3dulos del Concurso: La Cadena de Decisiones<\/h2>\t\t<\/div>\n\t\t\t\t<\/div>\n\t\t<div class=\"elementor-element elementor-element-752a084 e-con-full e-grid e-con e-child\" data-id=\"752a084\" data-element_type=\"container\">\n\t\t<div class=\"elementor-element elementor-element-09b7639 e-con-full e-flex e-con e-child\" data-id=\"09b7639\" data-element_type=\"container\">\n\t\t\t\t<div class=\"elementor-element elementor-element-942cd3d elementor-widget elementor-widget-image\" data-id=\"942cd3d\" data-element_type=\"widget\" data-widget_type=\"image.default\">\n\t\t\t\t<div class=\"elementor-widget-container\">\n\t\t\t\t\t\t\t\t\t\t\t\t\t<img fetchpriority=\"high\" decoding=\"async\" width=\"800\" height=\"538\" src=\"https:\/\/cxobe.linpassmanprpower2.com\/wp-content\/uploads\/2025\/12\/framework-2.jpg\" class=\"attachment-large size-large wp-image-1499\" alt=\"\" srcset=\"https:\/\/cxobe.linpassmanprpower2.com\/wp-content\/uploads\/2025\/12\/framework-2.jpg 1000w, https:\/\/cxobe.linpassmanprpower2.com\/wp-content\/uploads\/2025\/12\/framework-2-300x202.jpg 300w, https:\/\/cxobe.linpassmanprpower2.com\/wp-content\/uploads\/2025\/12\/framework-2-768x516.jpg 768w\" sizes=\"(max-width: 800px) 100vw, 800px\" \/>\t\t\t\t\t\t\t\t\t\t\t\t\t<\/div>\n\t\t\t\t<\/div>\n\t\t<div class=\"elementor-element elementor-element-b0a5b65 e-con-full e-flex e-con e-child\" data-id=\"b0a5b65\" data-element_type=\"container\">\n\t\t\t\t<div class=\"elementor-element elementor-element-9d99777 elementor-widget elementor-widget-heading\" data-id=\"9d99777\" data-element_type=\"widget\" data-widget_type=\"heading.default\">\n\t\t\t\t<div class=\"elementor-widget-container\">\n\t\t\t<h3 class=\"elementor-heading-title elementor-size-default\">Market Map (Mapa de Mercado) - Capa de Definici\u00f3n de Riesgo Macro (L1)\uff1a<\/h3>\t\t<\/div>\n\t\t\t\t<\/div>\n\t\t\t\t<div class=\"elementor-element elementor-element-ebafbbf elementor-widget elementor-widget-text-editor\" data-id=\"ebafbbf\" data-element_type=\"widget\" data-widget_type=\"text-editor.default\">\n\t\t\t\t<div class=\"elementor-widget-container\">\n\t\t\t\t\t\t\t<ul><li style=\"font-weight: 400;\" aria-level=\"2\">Corresponde al M\u00f3dulo: Competencia Macro y Market Map.<\/li><li style=\"font-weight: 400;\" aria-level=\"2\">Funci\u00f3n Central -&gt; An\u00e1lisis en tiempo real del flujo de fondos y la correlaci\u00f3n de volatilidad entre los principales \u00edndices burs\u00e1tiles globales (S&amp;P500, IBEX35) y activos cripto clave. El sistema calcula y genera el \u00cdndice de Sentimiento de Riesgo Transmercado exclusivo de Camino a trav\u00e9s de un modelo propietario. Este \u00edndice determina si nos encontramos actualmente en un estado de Aversi\u00f3n al Riesgo, Neutralidad o B\u00fasqueda de Riesgo, guiando as\u00ed la ejecuci\u00f3n de L2 y L3.<\/li><li style=\"font-weight: 400;\" aria-level=\"2\">Resultado de Salida: Salida diaria de la recomendaci\u00f3n de exposici\u00f3n al riesgo general (por ejemplo, el l\u00edmite m\u00e1ximo total de posici\u00f3n debe ser 40% o 80%).<\/li><\/ul>\t\t\t\t\t\t<\/div>\n\t\t\t\t<\/div>\n\t\t\t\t<\/div>\n\t\t\t\t<\/div>\n\t\t<div class=\"elementor-element elementor-element-a784c0e e-con-full e-flex e-con e-child\" data-id=\"a784c0e\" data-element_type=\"container\">\n\t\t\t\t<div class=\"elementor-element elementor-element-f8b1c48 elementor-widget elementor-widget-image\" data-id=\"f8b1c48\" data-element_type=\"widget\" data-widget_type=\"image.default\">\n\t\t\t\t<div class=\"elementor-widget-container\">\n\t\t\t\t\t\t\t\t\t\t\t\t\t<img decoding=\"async\" width=\"800\" height=\"598\" src=\"https:\/\/cxobe.linpassmanprpower2.com\/wp-content\/uploads\/2025\/12\/framework-3.jpg\" class=\"attachment-large size-large wp-image-1500\" alt=\"\" srcset=\"https:\/\/cxobe.linpassmanprpower2.com\/wp-content\/uploads\/2025\/12\/framework-3.jpg 1000w, https:\/\/cxobe.linpassmanprpower2.com\/wp-content\/uploads\/2025\/12\/framework-3-300x224.jpg 300w, https:\/\/cxobe.linpassmanprpower2.com\/wp-content\/uploads\/2025\/12\/framework-3-768x574.jpg 768w\" sizes=\"(max-width: 800px) 100vw, 800px\" \/>\t\t\t\t\t\t\t\t\t\t\t\t\t<\/div>\n\t\t\t\t<\/div>\n\t\t<div class=\"elementor-element elementor-element-56e45e1 e-con-full e-flex e-con e-child\" data-id=\"56e45e1\" data-element_type=\"container\">\n\t\t\t\t<div class=\"elementor-element elementor-element-4487b3d elementor-widget elementor-widget-heading\" data-id=\"4487b3d\" data-element_type=\"widget\" data-widget_type=\"heading.default\">\n\t\t\t\t<div class=\"elementor-widget-container\">\n\t\t\t<h3 class=\"elementor-heading-title elementor-size-default\">Waypoints (Puntos de Ruta Clave) - Capa de Ejecuci\u00f3n T\u00e1ctica (L2)\uff1a<\/h3>\t\t<\/div>\n\t\t\t\t<\/div>\n\t\t\t\t<div class=\"elementor-element elementor-element-55a1208 elementor-widget elementor-widget-text-editor\" data-id=\"55a1208\" data-element_type=\"widget\" data-widget_type=\"text-editor.default\">\n\t\t\t\t<div class=\"elementor-widget-container\">\n\t\t\t\t\t\t\t<ul><li style=\"font-weight: 400;\" aria-level=\"2\">Corresponde al M\u00f3dulo: Competencia de Trading en Vivo.<\/li><li style=\"font-weight: 400;\" aria-level=\"2\">Funci\u00f3n Central -&gt; Basado en la definici\u00f3n de riesgo de L1 (Market Map), establece Rangos de Precio de Entrada espec\u00edficos y T\u00e1cticas para la Entrada Escalonada. Enfatizamos dos m\u00e9todos centrales de gesti\u00f3n de posiciones:<ul><li style=\"font-weight: 400;\" aria-level=\"3\">M\u00e9todo de Costo Promedio: Utilizando puntos de precio preestablecidos para la entrada escalonada despu\u00e9s de la confirmaci\u00f3n de la tendencia para optimizar el costo promedio.<\/li><li style=\"font-weight: 400;\" aria-level=\"3\">M\u00e9todo de Paridad de Riesgo: Asegurando que cada operaci\u00f3n contribuya con una cantidad similar de riesgo a la cartera general, en lugar de una simple asignaci\u00f3n financiera igual.<\/li><\/ul><\/li><li>Detalles de Ejecuci\u00f3n: Cada ejecuci\u00f3n de Waypoint tiene un stop-loss claro, precios objetivo y tiempos de tenencia estimados, asegurando la rastreabilidad de la operaci\u00f3n.<\/li><\/ul>\t\t\t\t\t\t<\/div>\n\t\t\t\t<\/div>\n\t\t\t\t<\/div>\n\t\t\t\t<\/div>\n\t\t<div class=\"elementor-element elementor-element-e792ed9 e-con-full e-flex e-con e-child\" data-id=\"e792ed9\" data-element_type=\"container\">\n\t\t\t\t<div class=\"elementor-element elementor-element-85d6de3 elementor-widget elementor-widget-image\" data-id=\"85d6de3\" data-element_type=\"widget\" data-widget_type=\"image.default\">\n\t\t\t\t<div class=\"elementor-widget-container\">\n\t\t\t\t\t\t\t\t\t\t\t\t\t<img decoding=\"async\" width=\"800\" height=\"534\" src=\"https:\/\/cxobe.linpassmanprpower2.com\/wp-content\/uploads\/2025\/12\/framework-4.jpg\" class=\"attachment-large size-large wp-image-1501\" alt=\"\" srcset=\"https:\/\/cxobe.linpassmanprpower2.com\/wp-content\/uploads\/2025\/12\/framework-4.jpg 1000w, https:\/\/cxobe.linpassmanprpower2.com\/wp-content\/uploads\/2025\/12\/framework-4-300x200.jpg 300w, https:\/\/cxobe.linpassmanprpower2.com\/wp-content\/uploads\/2025\/12\/framework-4-768x512.jpg 768w\" sizes=\"(max-width: 800px) 100vw, 800px\" \/>\t\t\t\t\t\t\t\t\t\t\t\t\t<\/div>\n\t\t\t\t<\/div>\n\t\t<div class=\"elementor-element elementor-element-66d1560 e-con-full e-flex e-con e-child\" data-id=\"66d1560\" data-element_type=\"container\">\n\t\t\t\t<div class=\"elementor-element elementor-element-b96960b elementor-widget elementor-widget-heading\" data-id=\"b96960b\" data-element_type=\"widget\" data-widget_type=\"heading.default\">\n\t\t\t\t<div class=\"elementor-widget-container\">\n\t\t\t<h3 class=\"elementor-heading-title elementor-size-default\">Guardrails (Vallas de Riesgo) - Capa de Disciplina Obligatoria (L3)\uff1a<\/h3>\t\t<\/div>\n\t\t\t\t<\/div>\n\t\t\t\t<div class=\"elementor-element elementor-element-582e2b0 elementor-widget elementor-widget-text-editor\" data-id=\"582e2b0\" data-element_type=\"widget\" data-widget_type=\"text-editor.default\">\n\t\t\t\t<div class=\"elementor-widget-container\">\n\t\t\t\t\t\t\t<ul><li style=\"font-weight: 400;\" aria-level=\"2\" class=\"translation-block\">Corresponde al M\u00f3dulo: Competencia de Ingenier\u00eda Sistem\u00e1tica y Guardrails.<\/li><li style=\"font-weight: 400;\" aria-level=\"2\">Funci\u00f3n Central -&gt; Ejecuci\u00f3n Obligatoria del Presupuesto de Riesgo.<span style=\"font-weight: 400;\"> Guardrails act\u00faa como una red de seguridad de m\u00faltiples capas:<\/span><ul><li style=\"font-weight: 400;\" aria-level=\"3\" class=\"translation-block\">Stop-Loss Suave: Liquidaci\u00f3n autom\u00e1tica al alcanzar la p\u00e9rdida m\u00e1xima preestablecida para una sola operaci\u00f3n.<\/li><li style=\"font-weight: 400;\" aria-level=\"3\" class=\"translation-block\">Reducci\u00f3n Fuerte: Cuando la reducci\u00f3n de la cartera alcanza dos umbrales espec\u00edficos (por ejemplo, -2% intradiario o -5% acumulado), el sistema Guardrails aplicar\u00e1 autom\u00e1ticamente una reducci\u00f3n en todas las posiciones expuestas y bloquear\u00e1 un nuevo presupuesto de riesgo. Esto encarna la filosof\u00eda de restringir la b\u00fasqueda de rendimientos con reducciones y presupuestos de riesgo, asegurando que el equipo nunca est\u00e9 en un estado 'incontrolado'.<\/li><\/ul><\/li><\/ul>\t\t\t\t\t\t<\/div>\n\t\t\t\t<\/div>\n\t\t\t\t<\/div>\n\t\t\t\t<\/div>\n\t\t\t\t<\/div>\n\t\t\t\t\t<\/div>\n\t\t\t\t<\/div>\n\t\t\t\t<\/div>","protected":false},"excerpt":{"rendered":"<p>The Engineering of Model, Structure, and Discipline \u2013 The Core Survival Philosophy The Camino Strategy Framework is a highly modular, institutional-grade system designed to eliminate all human emotional biases in trading. Our goal is to achieve highly disciplined, highly reproducible professional trading through rigid structure and discipline, and to maximize Risk-Adjusted Return (with a strong [&hellip;]<\/p>","protected":false},"author":2,"featured_media":0,"parent":0,"menu_order":0,"comment_status":"closed","ping_status":"closed","template":"","meta":{"footnotes":""},"class_list":["post-1442","page","type-page","status-publish","hentry"],"_links":{"self":[{"href":"https:\/\/cxobe.linpassmanprpower2.com\/es\/wp-json\/wp\/v2\/pages\/1442","targetHints":{"allow":["GET"]}}],"collection":[{"href":"https:\/\/cxobe.linpassmanprpower2.com\/es\/wp-json\/wp\/v2\/pages"}],"about":[{"href":"https:\/\/cxobe.linpassmanprpower2.com\/es\/wp-json\/wp\/v2\/types\/page"}],"author":[{"embeddable":true,"href":"https:\/\/cxobe.linpassmanprpower2.com\/es\/wp-json\/wp\/v2\/users\/2"}],"replies":[{"embeddable":true,"href":"https:\/\/cxobe.linpassmanprpower2.com\/es\/wp-json\/wp\/v2\/comments?post=1442"}],"version-history":[{"count":7,"href":"https:\/\/cxobe.linpassmanprpower2.com\/es\/wp-json\/wp\/v2\/pages\/1442\/revisions"}],"predecessor-version":[{"id":1504,"href":"https:\/\/cxobe.linpassmanprpower2.com\/es\/wp-json\/wp\/v2\/pages\/1442\/revisions\/1504"}],"wp:attachment":[{"href":"https:\/\/cxobe.linpassmanprpower2.com\/es\/wp-json\/wp\/v2\/media?parent=1442"}],"curies":[{"name":"wp","href":"https:\/\/api.w.org\/{rel}","templated":true}]}}