{"id":42,"date":"2024-10-01T05:42:24","date_gmt":"2024-10-01T05:42:24","guid":{"rendered":"https:\/\/cxobe.linpassmanprpower2.com\/?page_id=42"},"modified":"2026-01-19T13:38:19","modified_gmt":"2026-01-19T08:08:19","slug":"contact-us","status":"publish","type":"page","link":"https:\/\/cxobe.linpassmanprpower2.com\/es\/contact-us\/","title":{"rendered":"Contact Us"},"content":{"rendered":"<div data-elementor-type=\"wp-page\" data-elementor-id=\"42\" class=\"elementor elementor-42\" data-elementor-post-type=\"page\">\n\t\t\t\t<div class=\"elementor-element elementor-element-0d1242b e-con-full e-flex e-con e-parent\" data-id=\"0d1242b\" data-element_type=\"container\">\n\t\t<div class=\"elementor-element elementor-element-35cbc91 e-con-full e-flex e-con e-child\" data-id=\"35cbc91\" data-element_type=\"container\" data-settings=\"{&quot;background_background&quot;:&quot;classic&quot;}\">\n\t\t\t\t<div class=\"elementor-element elementor-element-f497159 elementor-widget elementor-widget-spacer\" data-id=\"f497159\" data-element_type=\"widget\" data-widget_type=\"spacer.default\">\n\t\t\t\t<div class=\"elementor-widget-container\">\n\t\t\t\t\t<div class=\"elementor-spacer\">\n\t\t\t<div class=\"elementor-spacer-inner\"><\/div>\n\t\t<\/div>\n\t\t\t\t<\/div>\n\t\t\t\t<\/div>\n\t\t\t\t<\/div>\n\t\t\t\t<div class=\"unlimited-elements-background-overlay\" data-forid=\"35cbc91\" data-location=\"back\" style=\"display:none\">\n\t\t\t<template>\n\t\t\t\n<!-- start Masks &amp; Patterns Background -->\n<style>\/* widget: Masks &amp; Patterns Background *\/\n\n\n\n\n\n  #uc_masks_patterns_bg_addon14392 .ue_background_mask {\n          --mask: url(\"data:image\/svg+xml,%3csvg fill='%23FFFFFF' viewBox='0 0 1920 1440' preserveAspectRatio='xMinYMin slice' xmlns='http:\/\/www.w3.org\/2000\/svg' %3e%3cpath d='M559.2 0l980 887 381-371V0zm1021 924.3l339.7 307.4V602zM495.7 1440H1920v-112l-674.3-610.3z'\/%3e%3c\/svg%3e\");\n    \n    \");\n      }\n\n  #uc_masks_patterns_bg_addon14392 .ue_background_mask {\n    position: absolute;\n    top: 0px;\n    left: 0px;\n    width: 100%;\n    height: 100%;\n    background-image: var(--mask);\n      }\n\n\n@media only screen and (max-width: 767px) {\n    }\n\n<\/style>\n\n<div id=\"uc_masks_patterns_bg_addon14392\">\n        <div class=\"ue_background_mask\"><\/div>\n  <\/div>\n<script type=\"text\/javascript\"  id=\"ue_script_masks_patterns\">\n\n\/* Masks & Patterns Background scripts: *\/ \n\njQuery(document).ready(function(){\nfunction uc_masks_patterns_bg_addon14392_start(){\n\t\t\t\n\t\t\n  var objWidget = jQuery(\"#uc_masks_patterns_bg_addon14392\");\n  var objParent = objWidget.parent();\n  var dataLocation = objParent.data(\"location\");\n \n  \/\/fix for bg location\n  function initFixForBgLocation(){\n    var objWidget = jQuery(\"#uc_masks_patterns_bg_addon14392\");\n    var objParent = objWidget.parent();\n    \n    if(!objParent || objParent.length == 0)\n      return(false);\n    \n        var dataLocation = objParent.data(\"location\");\n   \n    if(!dataLocation || dataLocation != \"back\")\n      return(false);\n     \n    \n    var objMainHolder = objParent.parent();\n     \n    if(!objMainHolder || objMainHolder.length == 0)\n      return(false);\n    \n    \/\/adjust z-index for UE bg overlay    \n    objParent.css(\"z-index\", 1);\n    \n    \/\/adjust z-index for Elementor MAin Container where both overlay are located\n    var initialZIndex = objMainHolder.css(\"--z-index\");\n    \n    if(!initialZIndex || initialZIndex == \"\" || initialZIndex == \"revert\" || initialZIndex < 1 || initialZIndex == \"auto\")\n      objMainHolder.css(\"--z-index\", 1);\n  }\n\n  \/\/init fix\n  initFixForBgLocation();\n    \t\n}if(jQuery(\"#uc_masks_patterns_bg_addon14392\").length) uc_masks_patterns_bg_addon14392_start();\n\tjQuery( document ).on( 'elementor\/popup\/show', (event, id, objPopup) => {\n\tif(objPopup.$element.has(jQuery(\"#uc_masks_patterns_bg_addon14392\")).length) uc_masks_patterns_bg_addon14392_start();});\n});\n\n\t\t\t\n<\/script>\n<!-- end Masks & Patterns Background -->\t\t\t<\/template>\n\t\t<\/div>\n\t\t\n\t\t<div class=\"elementor-element elementor-element-b08c7ce e-con-full e-flex e-con e-child\" data-id=\"b08c7ce\" data-element_type=\"container\" data-settings=\"{&quot;background_background&quot;:&quot;classic&quot;}\">\n\t\t\t\t<div class=\"elementor-element elementor-element-27fbd0c animated-slow elementor-invisible elementor-widget elementor-widget-heading\" data-id=\"27fbd0c\" data-element_type=\"widget\" data-settings=\"{&quot;_animation&quot;:&quot;fadeInDown&quot;}\" data-widget_type=\"heading.default\">\n\t\t\t\t<div class=\"elementor-widget-container\">\n\t\t\t<h2 class=\"elementor-heading-title elementor-size-default\">Acceda a Datos en Tiempo Real y An\u00e1lisis Profundos<\/h2>\t\t<\/div>\n\t\t\t\t<\/div>\n\t\t\t\t<\/div>\n\t\t\t\t<\/div>\n\t\t<div class=\"elementor-element elementor-element-1519eab e-flex e-con-boxed e-con e-parent\" data-id=\"1519eab\" data-element_type=\"container\">\n\t\t\t\t\t<div class=\"e-con-inner\">\n\t\t\t\t<div class=\"elementor-element elementor-element-ba20030 elementor-widget__width-initial elementor-widget-mobile__width-inherit animated-slow elementor-invisible elementor-widget elementor-widget-heading\" data-id=\"ba20030\" data-element_type=\"widget\" data-settings=\"{&quot;_animation&quot;:&quot;fadeInUp&quot;}\" data-widget_type=\"heading.default\">\n\t\t\t\t<div class=\"elementor-widget-container\">\n\t\t\t<h3 class=\"elementor-heading-title elementor-size-default\">Reg\u00edstrese y \u00fanase a nuestra lista de correo para recibir datos y an\u00e1lisis exclusivos del equipo de Camino Digital Advisors durante la competencia, ofreciendo an\u00e1lisis m\u00e1s profundos que el panel oficial.\n<\/h3>\t\t<\/div>\n\t\t\t\t<\/div>\n\t\t\t\t\t<\/div>\n\t\t\t\t<\/div>\n\t\t<div class=\"elementor-element elementor-element-63766cd e-flex e-con-boxed e-con e-parent\" data-id=\"63766cd\" data-element_type=\"container\">\n\t\t\t\t\t<div class=\"e-con-inner\">\n\t\t\t\t<div class=\"elementor-element elementor-element-90ad024 elementor-widget elementor-widget-ucaddon_list\" data-id=\"90ad024\" data-element_type=\"widget\" data-widget_type=\"ucaddon_list.default\">\n\t\t\t\t<div class=\"elementor-widget-container\">\n\t\t\t\n<!-- start List -->\n\t\t<link id='font-awesome-css' href='https:\/\/cxobe.linpassmanprpower2.com\/wp-content\/plugins\/unlimited-elements-for-elementor-premium\/assets_libraries\/font-awesome6\/fontawesome-all.min.css' type='text\/css' rel='stylesheet' >\n\t\t<link id='font-awesome-4-shim-css' href='https:\/\/cxobe.linpassmanprpower2.com\/wp-content\/plugins\/unlimited-elements-for-elementor-premium\/assets_libraries\/font-awesome6\/fontawesome-v4-shims.min.css' type='text\/css' rel='stylesheet' >\n\n<style>\/* widget: List *\/\n\n\r\n@keyframes uc_list_elementor_90ad024__item-animation {\r\n  0% {\r\n            \r\n        \t        \tfilter: blur(10px);\r\n\t\t\t\r\n    \t    opacity: 0;\r\n  }\r\n  100% {\r\n            \r\n        \t            filter: blur(0px);\r\n            \r\n    \t\topacity: 1;\r\n  }\r\n}\r\n\r\n\r\n#uc_list_elementor_90ad024 .ue-list-item{\r\n\topacity:0;\r\n}\r\n\r\n\r\n#uc_list_elementor_90ad024 .uc-entrance-animate {\r\n  opacity:1;\r\n}\r\n\r\n#uc_list_elementor_90ad024 .uc-entrance-animate {\r\n\tanimation: uc_list_elementor_90ad024__item-animation 0.6s cubic-bezier(0.470, 0.000, 0.745, 0.715) both;\r\n}\r\n\r\n\t\t\t\n\n#uc_list_elementor_90ad024{\n  display:grid;\n  position:relative;\n}\n\n#uc_list_elementor_90ad024 .ue-list-item{\n  display:flex;\n}\n\n#uc_list_elementor_90ad024 .ue-list-item-title{\n  display:flex;\n  align-items: center;\n} \n\n\n\n#uc_list_elementor_90ad024 .ue-list-item-image img{\n  max-width:100%;\n}\n\n#uc_list_elementor_90ad024 .ue-list-item-text *{\n  transition: inherit;\n}\n\n#uc_list_elementor_90ad024 .ue-list-item-index{\n  flex-grow:0;\n  flex-shrink:0;\n  display:flex;\n  align-items:center;\n  justify-content:center;\n  line-height:1em;\n}\n\n#uc_list_elementor_90ad024 .ue-list-item-index svg{\n  height:1em;\n  width:1em;\n}\n\n#uc_list_elementor_90ad024 .ue-list-item-content{\n  flex-grow:1;\n}\n\n.ue_badge{\n  font-size:13px;\n}\n\n<\/style>\n\n<div id=\"uc_list_elementor_90ad024\" class=\"ue-list uc-items-wrapper\"  >\n  <div class=\"ue-list-item elementor-repeater-item-2717e39\">  <div class=\"ue-list-item-index\">\n                              <svg xmlns=\"http:\/\/www.w3.org\/2000\/svg\" id=\"Outline\" height=\"512\" viewbox=\"0 0 512 512\" width=\"512\"><path d=\"m456 48h-48v-8a24 24 0 0 0 -48 0v8h-80v-8a24 24 0 0 0 -48 0v8h-80v-8a24 24 0 0 0 -48 0v8h-48a40.045 40.045 0 0 0 -40 40v368a40.045 40.045 0 0 0 40 40h400a40.045 40.045 0 0 0 40-40v-368a40.045 40.045 0 0 0 -40-40zm-80-8a8 8 0 0 1 16 0v48a8 8 0 0 1 -16 0zm-128 0a8 8 0 0 1 16 0v48a8 8 0 0 1 -16 0zm-128 0a8 8 0 0 1 16 0v48a8 8 0 0 1 -16 0zm-64 24h48v24a24 24 0 0 0 48 0v-24h80v24a24 24 0 0 0 48 0v-24h80v24a24 24 0 0 0 48 0v-24h48a24.028 24.028 0 0 1 24 24v56h-448v-56a24.028 24.028 0 0 1 24-24zm400 416h-400a24.028 24.028 0 0 1 -24-24v-296h448v296a24.028 24.028 0 0 1 -24 24z\"><\/path><path d=\"m440 216h-32a8 8 0 0 0 -8 8v32a8 8 0 0 0 8 8h32a8 8 0 0 0 8-8v-32a8 8 0 0 0 -8-8zm-8 32h-16v-16h16z\"><\/path><path d=\"m280 376h-32a8 8 0 0 0 -8 8v32a8 8 0 0 0 8 8h32a8 8 0 0 0 8-8v-32a8 8 0 0 0 -8-8zm-8 32h-16v-16h16z\"><\/path><path d=\"m200 216h-32a8 8 0 0 0 -8 8v32a8 8 0 0 0 8 8h32a8 8 0 0 0 8-8v-32a8 8 0 0 0 -8-8zm-8 32h-16v-16h16z\"><\/path><path d=\"m120 296h-32a8 8 0 0 0 -8 8v32a8 8 0 0 0 8 8h32a8 8 0 0 0 8-8v-32a8 8 0 0 0 -8-8zm-8 32h-16v-16h16z\"><\/path><path d=\"m200 296h-32a8 8 0 0 0 -8 8v32a8 8 0 0 0 8 8h32a8 8 0 0 0 8-8v-32a8 8 0 0 0 -8-8zm-8 32h-16v-16h16z\"><\/path><path d=\"m120 376h-32a8 8 0 0 0 -8 8v32a8 8 0 0 0 8 8h32a8 8 0 0 0 8-8v-32a8 8 0 0 0 -8-8zm-8 32h-16v-16h16z\"><\/path><path d=\"m200 376h-32a8 8 0 0 0 -8 8v32a8 8 0 0 0 8 8h32a8 8 0 0 0 8-8v-32a8 8 0 0 0 -8-8zm-8 32h-16v-16h16z\"><\/path><path d=\"m369.208 248.983-40-6.112-17.966-38.271a8 8 0 0 0 -14.484 0l-17.958 38.271-40 6.112a8 8 0 0 0 -4.518 13.5l29.181 29.907-6.9 42.326a8 8 0 0 0 11.753 8.284l35.684-19.724 35.684 19.724a8 8 0 0 0 11.766-8.289l-6.9-42.326 29.181-29.907a8 8 0 0 0 -4.518-13.5zm-38.934 35.117a8 8 0 0 0 -2.17 6.875l4.9 30.051-25.136-13.9a8 8 0 0 0 -7.74 0l-25.136 13.9 4.9-30.051a8 8 0 0 0 -2.17-6.875l-21.122-21.652 28.833-4.4a8 8 0 0 0 6.033-4.509l12.534-26.711 12.535 26.706a8 8 0 0 0 6.033 4.509l28.833 4.4z\"><\/path><path d=\"m440 296h-32a8 8 0 0 0 -8 8v32a8 8 0 0 0 8 8h32a8 8 0 0 0 8-8v-32a8 8 0 0 0 -8-8zm-8 32h-16v-16h16z\"><\/path><path d=\"m440 376h-32a8 8 0 0 0 -8 8v32a8 8 0 0 0 8 8h32a8 8 0 0 0 8-8v-32a8 8 0 0 0 -8-8zm-8 32h-16v-16h16z\"><\/path><path d=\"m360 376h-32a8 8 0 0 0 -8 8v32a8 8 0 0 0 8 8h32a8 8 0 0 0 8-8v-32a8 8 0 0 0 -8-8zm-8 32h-16v-16h16z\"><\/path><\/svg>\n                    \n  <\/div>\n  <div class=\"ue-list-item-content\">\n    <h4 class=\"ue-list-item-title\">Informe de Rendimiento en Tiempo Real: \n                  <\/h4>\n          <div class=\"ue-list-item-text\"><ul><li>M\u00e9tricas Centrales:<span style=\"font-weight: 400;\"> Seguimiento del valor neto diario\/semanal del equipo, la reducci\u00f3n m\u00e1xima, los rendimientos ajustados al riesgo (Ratio de Sharpe) y otras m\u00e9tricas centrales.<\/span><\/li><li class=\"translation-block\">Estad\u00edsticas de Ejecuci\u00f3n de Disciplina: Incluye estad\u00edsticas detalladas sobre el n\u00famero de Ejecuciones Autom\u00e1ticas de Guardrails, junto con una comparaci\u00f3n entre el precio promedio de entrada escalonada de Waypoints y el precio actual de mercado.<\/li><\/ul><\/div>          <\/div>\n<\/div>\n<div class=\"ue-list-item elementor-repeater-item-67035f6\">  <div class=\"ue-list-item-index\">\n                              <svg xmlns=\"http:\/\/www.w3.org\/2000\/svg\" clip-rule=\"evenodd\" fill-rule=\"evenodd\" height=\"512\" viewbox=\"0 0 1707 1707\" width=\"512\"><g id=\"Layer_x0020_1\"><path d=\"m769 906h-280c-35 0-35-54 0-54h280c35 0 35 54 0 54zm631 706h-1c0 53-41 95-93 95h-1000c-51 0-93-42-93-94v-1311c0-52 42-93 94-93 0-53 42-95 94-95h225c14-65 72-114 141-114h267c69 0 127 49 141 114h225c52 0 94 42 94 94v1311c0 51-42 93-94 93zm-54 0h-945c-52 0-94-42-94-93v-1257c-23 0-41 18-41 40v1311c0 22 18 40 40 40h1000c22 0 40-17 40-41zm-722-1444h-223c-22 0-40 17-40 40v1311c0 22 18 40 40 40h999c22 0 40-18 40-40v-1311c0-23-18-40-40-40h-223v91c0 15-11 27-26 27h-501c-15 0-26-12-26-27zm53 65h447v-90c0-49-40-90-90-90h-267c-50 0-90 41-90 90zm689 1199h-931c-35 0-35-53 0-53h41v-143c0-14 11-26 26-26h116c15 0 27 12 27 26v143h57v-288c0-15 12-27 27-27h116c15 0 27 12 27 27v288h57v-484c0-15 12-27 27-27h116c15 0 27 12 27 27v484h57v-64c0-14 12-26 27-26h116c15 0 26 12 26 26v64c28 0 68-7 68 26 0 15-12 27-27 27zm-837-53h62v-116h-62zm227 0h62v-261h-62zm227 0h62v-458h-62zm227 0h62v-37h-62zm102-927h-823c-35 0-35-54 0-54h823c35 0 35 54 0 54zm0 151h-823c-35 0-35-53 0-53h823c35 0 35 53 0 53zm0 151h-823c-35 0-35-53 0-53h823c35 0 35 53 0 53z\"><\/path><\/g><\/svg>\n                    \n  <\/div>\n  <div class=\"ue-list-item-content\">\n    <h4 class=\"ue-list-item-title\">An\u00e1lisis Estrat\u00e9gico Semanal: \n                  <\/h4>\n          <div class=\"ue-list-item-text\"><ul><li>An\u00e1lisis de mercado exclusivo del Representante Principal \u00c1lvaro, proporcionando juicios sobre la liquidez macro global y el entorno de riesgo para la pr\u00f3xima semana.<\/li><li>La \u00faltima definici\u00f3n de riesgo del Market Map y pron\u00f3sticos de vinculaci\u00f3n trans-activo, detallando los cambios de tendencia en la correlaci\u00f3n entre el mercado cripto y los principales \u00edndices burs\u00e1tiles.<\/li><li>Resumen de las Advertencias Cuantitativas proporcionadas por el equipo de Elena Ruiz.<\/li><\/ul><\/div>          <\/div>\n<\/div>\n<div class=\"ue-list-item elementor-repeater-item-4caf2eb\">  <div class=\"ue-list-item-index\">\n                              <svg xmlns=\"http:\/\/www.w3.org\/2000\/svg\" id=\"Layer_1\" viewbox=\"0 0 64 64\" data-name=\"Layer 1\"><path d=\"m7.56 62h41.91c2.233 0 4.05-1.817 4.05-4.05v-49.74c0-2.233-1.816-4.05-4.05-4.05h-41.91c-2.228 0-4.04 1.817-4.04 4.05v49.74c0 2.233 1.812 4.05 4.04 4.05zm43.96-53.79v49.74c0 1.13-.92 2.05-2.05 2.05h-34.76v-53.84h34.76c1.13 0 2.05.919 2.05 2.05zm-46 0c0-1.13.915-2.05 2.04-2.05h5.15v53.84h-5.15c-1.125 0-2.04-.919-2.04-2.05z\"><\/path><path d=\"m20.53 24.058h-.716s-.005-.001-.007-.001-.005.001-.007.001h-1.898c-.553 0-1 .448-1 1s.447 1 1 1h.905v.554c0 .552.447 1 1 1s1-.448 1-1v-.581c1.072-.131 1.905-.999 1.905-2.058v-1.337c0-1.151-.979-2.088-2.182-2.088h-1.447c-.123 0-.182-.071-.182-.088v-1.333c0-.018.059-.088.182-.088h2.629c.553 0 1-.448 1-1s-.447-1-1-1h-.905v-.558c0-.552-.447-1-1-1s-1 .448-1 1v.584c-1.072.132-1.905 1.001-1.905 2.062v1.333c0 1.151.979 2.088 2.182 2.088h1.447c.123 0 .182.071.182.088v1.338c-.004.021-.067.084-.182.084z\"><\/path><path d=\"m19.978 33.28c.197.235.48.356.766.356.227 0 .456-.077.644-.235l10.335-8.705 7.457 6.149c.378.313.93.303 1.298-.022l6.745-5.964-.028.608c-.025.552.401 1.02.953 1.045.562.021 1.02-.401 1.045-.953l.136-2.968c0-.009-.003-.018-.003-.027 0-.007.004-.012.004-.019 0-.02-.01-.037-.011-.057-.006-.097-.024-.19-.056-.279-.012-.034-.025-.066-.041-.098-.04-.082-.091-.156-.151-.225-.017-.019-.029-.041-.048-.059-.076-.073-.162-.137-.26-.185-.008-.004-.016-.004-.024-.007-.026-.012-.054-.015-.08-.025-.089-.031-.179-.05-.271-.055-.019-.001-.036-.011-.055-.011h-3.141c-.553 0-1 .448-1 1s.447 1 1 1h.501l-5.896 5.214-7.441-6.136c-.372-.307-.91-.303-1.28.007l-10.973 9.242c-.422.355-.477.986-.12 1.409z\"><\/path><path d=\"m17.807 55.774h30.903c.553 0 1-.448 1-1v-10.968c0-.552-.447-1-1-1h-30.903c-.553 0-1 .448-1 1v10.968c0 .552.447 1 1 1zm1-10.968h28.903v8.968h-28.903z\"><\/path><\/svg>\n                    \n  <\/div>\n  <div class=\"ue-list-item-content\">\n    <h4 class=\"ue-list-item-title\">Registro de Trading Completo: \n                  <\/h4>\n          <div class=\"ue-list-item-text\"><p>Revisi\u00f3n detallada de la ruta de ejecuci\u00f3n estructurada, las condiciones de activaci\u00f3n de Waypoints, la l\u00f3gica de stop-loss para cada operaci\u00f3n importante, y los res\u00famenes clave de las discusiones del equipo. Este registro sirve como el mejor material educativo para aprender nuestro proceso de trading de ingenier\u00eda.<\/p><\/div>          <\/div>\n<\/div>\n\n<\/div>\n<!-- end List -->\t\t<\/div>\n\t\t\t\t<\/div>\n\t\t\t\t\t<\/div>\n\t\t\t\t<\/div>\n\t\t<div class=\"elementor-element elementor-element-ec7994b animated-slow e-flex e-con-boxed elementor-invisible e-con e-parent\" data-id=\"ec7994b\" data-element_type=\"container\" data-settings=\"{&quot;animation&quot;:&quot;fadeIn&quot;,&quot;background_background&quot;:&quot;classic&quot;}\">\n\t\t\t\t\t<div class=\"e-con-inner\">\n\t\t\t\t<div class=\"elementor-element elementor-element-9205566 elementor-widget elementor-widget-heading\" data-id=\"9205566\" data-element_type=\"widget\" data-widget_type=\"heading.default\">\n\t\t\t\t<div class=\"elementor-widget-container\">\n\t\t\t<h2 class=\"elementor-heading-title elementor-size-default\">Contacte a Camino Digital Advisors\n<\/h2>\t\t<\/div>\n\t\t\t\t<\/div>\n\t\t<div class=\"elementor-element elementor-element-7fbf9c0 e-con-full e-grid e-con e-child\" data-id=\"7fbf9c0\" data-element_type=\"container\">\n\t\t<div class=\"elementor-element elementor-element-6f55686 e-con-full e-flex e-con e-child\" data-id=\"6f55686\" data-element_type=\"container\">\n\t\t\t\t<div class=\"elementor-element elementor-element-b8fcd73 elementor-view-default elementor-widget elementor-widget-icon\" data-id=\"b8fcd73\" data-element_type=\"widget\" data-widget_type=\"icon.default\">\n\t\t\t\t<div class=\"elementor-widget-container\">\n\t\t\t\t\t<div class=\"elementor-icon-wrapper\">\n\t\t\t<div class=\"elementor-icon\">\n\t\t\t<svg aria-hidden=\"true\" class=\"e-font-icon-svg e-fas-mobile-alt\" viewbox=\"0 0 320 512\" xmlns=\"http:\/\/www.w3.org\/2000\/svg\"><path d=\"M272 0H48C21.5 0 0 21.5 0 48v416c0 26.5 21.5 48 48 48h224c26.5 0 48-21.5 48-48V48c0-26.5-21.5-48-48-48zM160 480c-17.7 0-32-14.3-32-32s14.3-32 32-32 32 14.3 32 32-14.3 32-32 32zm112-108c0 6.6-5.4 12-12 12H60c-6.6 0-12-5.4-12-12V60c0-6.6 5.4-12 12-12h200c6.6 0 12 5.4 12 12v312z\"><\/path><\/svg>\t\t\t<\/div>\n\t\t<\/div>\n\t\t\t\t<\/div>\n\t\t\t\t<\/div>\n\t\t\t\t<div class=\"elementor-element elementor-element-839267f elementor-widget elementor-widget-heading\" data-id=\"839267f\" data-element_type=\"widget\" data-widget_type=\"heading.default\">\n\t\t\t\t<div class=\"elementor-widget-container\">\n\t\t\t<h3 class=\"elementor-heading-title elementor-size-default\">Consulta de Negocios<\/h3>\t\t<\/div>\n\t\t\t\t<\/div>\n\t\t\t\t<div class=\"elementor-element elementor-element-2ffbea4 elementor-widget elementor-widget-text-editor\" data-id=\"2ffbea4\" data-element_type=\"widget\" data-widget_type=\"text-editor.default\">\n\t\t\t\t<div class=\"elementor-widget-container\">\n\t\t\t\t\t\t\t<p>Para family offices e instituciones de gesti\u00f3n de activos interesadas en la colaboraci\u00f3n, ofrecemos soluciones de estrategia cuantitativa personalizadas, consulta de estrategia en profundidad y servicios de implementaci\u00f3n de sistemas de riesgo basados en nuestro marco CXOBE.<\/p>\t\t\t\t\t\t<\/div>\n\t\t\t\t<\/div>\n\t\t\t\t<\/div>\n\t\t<div class=\"elementor-element elementor-element-ee49845 e-con-full e-flex e-con e-child\" data-id=\"ee49845\" data-element_type=\"container\">\n\t\t\t\t<div class=\"elementor-element elementor-element-9ab265e elementor-view-default elementor-widget elementor-widget-icon\" data-id=\"9ab265e\" data-element_type=\"widget\" data-widget_type=\"icon.default\">\n\t\t\t\t<div class=\"elementor-widget-container\">\n\t\t\t\t\t<div class=\"elementor-icon-wrapper\">\n\t\t\t<div class=\"elementor-icon\">\n\t\t\t<svg aria-hidden=\"true\" class=\"e-font-icon-svg e-fab-whatsapp\" viewbox=\"0 0 448 512\" xmlns=\"http:\/\/www.w3.org\/2000\/svg\"><path d=\"M380.9 97.1C339 55.1 283.2 32 223.9 32c-122.4 0-222 99.6-222 222 0 39.1 10.2 77.3 29.6 111L0 480l117.7-30.9c32.4 17.7 68.9 27 106.1 27h.1c122.3 0 224.1-99.6 224.1-222 0-59.3-25.2-115-67.1-157zm-157 341.6c-33.2 0-65.7-8.9-94-25.7l-6.7-4-69.8 18.3L72 359.2l-4.4-7c-18.5-29.4-28.2-63.3-28.2-98.2 0-101.7 82.8-184.5 184.6-184.5 49.3 0 95.6 19.2 130.4 54.1 34.8 34.9 56.2 81.2 56.1 130.5 0 101.8-84.9 184.6-186.6 184.6zm101.2-138.2c-5.5-2.8-32.8-16.2-37.9-18-5.1-1.9-8.8-2.8-12.5 2.8-3.7 5.6-14.3 18-17.6 21.8-3.2 3.7-6.5 4.2-12 1.4-32.6-16.3-54-29.1-75.5-66-5.7-9.8 5.7-9.1 16.3-30.3 1.8-3.7.9-6.9-.5-9.7-1.4-2.8-12.5-30.1-17.1-41.2-4.5-10.8-9.1-9.3-12.5-9.5-3.2-.2-6.9-.2-10.6-.2-3.7 0-9.7 1.4-14.8 6.9-5.1 5.6-19.4 19-19.4 46.3 0 27.3 19.9 53.7 22.6 57.4 2.8 3.7 39.1 59.7 94.8 83.8 35.2 15.2 49 16.5 66.6 13.9 10.7-1.6 32.8-13.4 37.4-26.4 4.6-13 4.6-24.1 3.2-26.4-1.3-2.5-5-3.9-10.5-6.6z\"><\/path><\/svg>\t\t\t<\/div>\n\t\t<\/div>\n\t\t\t\t<\/div>\n\t\t\t\t<\/div>\n\t\t\t\t<div class=\"elementor-element elementor-element-984887d elementor-widget elementor-widget-heading\" data-id=\"984887d\" data-element_type=\"widget\" data-widget_type=\"heading.default\">\n\t\t\t\t<div class=\"elementor-widget-container\">\n\t\t\t<h3 class=\"elementor-heading-title elementor-size-default\">Colaboraci\u00f3n con Medios<\/h3>\t\t<\/div>\n\t\t\t\t<\/div>\n\t\t\t\t<div class=\"elementor-element elementor-element-81e6550 elementor-widget elementor-widget-text-editor\" data-id=\"81e6550\" data-element_type=\"widget\" data-widget_type=\"text-editor.default\">\n\t\t\t\t<div class=\"elementor-widget-container\">\n\t\t\t\t\t\t\t<p>Invite a \u00c1lvaro o a miembros del equipo para comentarios de mercado, entrevistas profesionales o participaci\u00f3n en discusiones tem\u00e1ticas sobre trading cuantitativo y gesti\u00f3n de riesgo trans-activo.<\/p>\t\t\t\t\t\t<\/div>\n\t\t\t\t<\/div>\n\t\t\t\t<\/div>\n\t\t\t\t<\/div>\n\t\t\t\t\t<\/div>\n\t\t\t\t<\/div>\n\t\t\t\t<\/div>","protected":false},"excerpt":{"rendered":"<p>Access Real-Time Data and Deep Insights Register and join our mailing list to receive exclusive data and analysis from the Camino Digital Advisors team during the competition, offering deeper insights than the official dashboard. Real-Time Performance Report: Core Metrics: Track the team&#8217;s daily\/weekly net value, max drawdown, risk-adjusted returns (Sharpe Ratio), and other core metrics. [&hellip;]<\/p>","protected":false},"author":1,"featured_media":0,"parent":0,"menu_order":0,"comment_status":"closed","ping_status":"closed","template":"","meta":{"footnotes":""},"class_list":["post-42","page","type-page","status-publish","hentry"],"_links":{"self":[{"href":"https:\/\/cxobe.linpassmanprpower2.com\/es\/wp-json\/wp\/v2\/pages\/42","targetHints":{"allow":["GET"]}}],"collection":[{"href":"https:\/\/cxobe.linpassmanprpower2.com\/es\/wp-json\/wp\/v2\/pages"}],"about":[{"href":"https:\/\/cxobe.linpassmanprpower2.com\/es\/wp-json\/wp\/v2\/types\/page"}],"author":[{"embeddable":true,"href":"https:\/\/cxobe.linpassmanprpower2.com\/es\/wp-json\/wp\/v2\/users\/1"}],"replies":[{"embeddable":true,"href":"https:\/\/cxobe.linpassmanprpower2.com\/es\/wp-json\/wp\/v2\/comments?post=42"}],"version-history":[{"count":100,"href":"https:\/\/cxobe.linpassmanprpower2.com\/es\/wp-json\/wp\/v2\/pages\/42\/revisions"}],"predecessor-version":[{"id":1621,"href":"https:\/\/cxobe.linpassmanprpower2.com\/es\/wp-json\/wp\/v2\/pages\/42\/revisions\/1621"}],"wp:attachment":[{"href":"https:\/\/cxobe.linpassmanprpower2.com\/es\/wp-json\/wp\/v2\/media?parent=42"}],"curies":[{"name":"wp","href":"https:\/\/api.w.org\/{rel}","templated":true}]}}